{"id":96,"date":"2022-06-01T14:42:37","date_gmt":"2022-06-01T19:42:37","guid":{"rendered":"https:\/\/veterinariaoliver.com\/?page_id=96"},"modified":"2022-06-01T14:43:28","modified_gmt":"2022-06-01T19:43:28","slug":"conscentimiento-informado-de-anestesia-y-cirugia-veterinaria","status":"publish","type":"page","link":"https:\/\/veterinariaoliver.com\/?page_id=96","title":{"rendered":"Consentimiento informado de anestesia y cirug\u00eda veterinaria"},"content":{"rendered":"<div class=\"wpforms-container wpforms-container-full\" id=\"wpforms-89\"><form id=\"wpforms-form-89\" class=\"wpforms-validate wpforms-form\" data-formid=\"89\" method=\"post\" enctype=\"multipart\/form-data\" action=\"\/index.php?rest_route=%2Fwp%2Fv2%2Fpages%2F96\" data-token=\"26654236042ec0e9d5e036bb5d2d2d86\"><noscript class=\"wpforms-error-noscript\">Por favor, activa JavaScript en tu navegador para completar este formulario.<\/noscript><div class=\"wpforms-field-container\"><div id=\"wpforms-89-field_1-container\" class=\"wpforms-field wpforms-field-name\" data-field-id=\"1\"><label class=\"wpforms-field-label\" for=\"wpforms-89-field_1\">Yo <span class=\"wpforms-required-label\">*<\/span><\/label><div class=\"wpforms-field-row wpforms-field-medium\"><div class=\"wpforms-field-row-block wpforms-first wpforms-one-half\"><input type=\"text\" id=\"wpforms-89-field_1\" class=\"wpforms-field-name-first wpforms-field-required\" name=\"wpforms[fields][1][first]\" required><label for=\"wpforms-89-field_1\" class=\"wpforms-field-sublabel after \">Nombre<\/label><\/div><div class=\"wpforms-field-row-block wpforms-one-half\"><input type=\"text\" id=\"wpforms-89-field_1-last\" class=\"wpforms-field-name-last wpforms-field-required\" name=\"wpforms[fields][1][last]\" required><label for=\"wpforms-89-field_1-last\" class=\"wpforms-field-sublabel after \">Apellidos<\/label><\/div><\/div><div class=\"wpforms-field-description\">como propietario y\/o representante de la mascota con las siguientes caracter\u00edsticas:<\/div><\/div><div id=\"wpforms-89-field_3-container\" class=\"wpforms-field wpforms-field-text\" data-field-id=\"3\"><label class=\"wpforms-field-label\" for=\"wpforms-89-field_3\">Nombre<\/label><input type=\"text\" id=\"wpforms-89-field_3\" class=\"wpforms-field-medium\" name=\"wpforms[fields][3]\" ><\/div><div id=\"wpforms-89-field_4-container\" class=\"wpforms-field wpforms-field-text\" data-field-id=\"4\"><label class=\"wpforms-field-label\" for=\"wpforms-89-field_4\">Especie<\/label><input type=\"text\" id=\"wpforms-89-field_4\" class=\"wpforms-field-medium\" name=\"wpforms[fields][4]\" ><\/div><div id=\"wpforms-89-field_5-container\" class=\"wpforms-field wpforms-field-text\" data-field-id=\"5\"><label class=\"wpforms-field-label\" for=\"wpforms-89-field_5\">Raza<\/label><input type=\"text\" id=\"wpforms-89-field_5\" class=\"wpforms-field-medium\" name=\"wpforms[fields][5]\" ><\/div><div id=\"wpforms-89-field_9-container\" class=\"wpforms-field wpforms-field-radio\" data-field-id=\"9\"><label class=\"wpforms-field-label\" for=\"wpforms-89-field_9\">Sexo<\/label><ul id=\"wpforms-89-field_9\"><li class=\"choice-1 depth-1\"><input type=\"radio\" id=\"wpforms-89-field_9_1\" name=\"wpforms[fields][9]\" value=\"Hembra\"  ><label class=\"wpforms-field-label-inline\" for=\"wpforms-89-field_9_1\">Hembra<\/label><\/li><li class=\"choice-2 depth-1\"><input type=\"radio\" id=\"wpforms-89-field_9_2\" name=\"wpforms[fields][9]\" value=\"Macho\"  ><label class=\"wpforms-field-label-inline\" for=\"wpforms-89-field_9_2\">Macho<\/label><\/li><li class=\"choice-3 depth-1\"><input type=\"radio\" id=\"wpforms-89-field_9_3\" name=\"wpforms[fields][9]\" value=\"Hembra esterilizada\"  ><label class=\"wpforms-field-label-inline\" for=\"wpforms-89-field_9_3\">Hembra esterilizada<\/label><\/li><li class=\"choice-4 depth-1\"><input type=\"radio\" id=\"wpforms-89-field_9_4\" name=\"wpforms[fields][9]\" value=\"Macho esterilizado\"  ><label class=\"wpforms-field-label-inline\" for=\"wpforms-89-field_9_4\">Macho esterilizado<\/label><\/li><\/ul><\/div><div id=\"wpforms-89-field_10-container\" class=\"wpforms-field wpforms-field-number\" data-field-id=\"10\"><label class=\"wpforms-field-label\" for=\"wpforms-89-field_10\">Peso en kg<\/label><input type=\"number\" pattern=\"\\d*\" id=\"wpforms-89-field_10\" class=\"wpforms-field-medium\" name=\"wpforms[fields][10]\" ><\/div><div id=\"wpforms-89-field_7-container\" class=\"wpforms-field wpforms-field-text\" data-field-id=\"7\"><label class=\"wpforms-field-label\" for=\"wpforms-89-field_7\">Edad<\/label><input type=\"text\" id=\"wpforms-89-field_7\" class=\"wpforms-field-medium\" name=\"wpforms[fields][7]\" ><\/div><div id=\"wpforms-89-field_11-container\" class=\"wpforms-field wpforms-field-checkbox\" data-field-id=\"11\"><label class=\"wpforms-field-label wpforms-label-hide\" for=\"wpforms-89-field_11\">Casillas de verificaci\u00f3n<\/label><ul id=\"wpforms-89-field_11\"><li class=\"choice-1 depth-1 wpforms-selected\"><input type=\"checkbox\" id=\"wpforms-89-field_11_1\" name=\"wpforms[fields][11][]\" value=\"doy mi consentimiento para que dicha mascota sea sometida a sedaci\u00f3n\/anestesia en las condiciones que me han sido propuestas.\"   checked='checked'><label class=\"wpforms-field-label-inline\" for=\"wpforms-89-field_11_1\">doy mi consentimiento para que dicha mascota sea sometida a sedaci\u00f3n\/anestesia en las condiciones que me han sido propuestas.<\/label><\/li><\/ul><div class=\"wpforms-field-description\">He aceptado la realizaci\u00f3n del procedimiento y estoy consiente de las complicaciones que pueden derivar del procedimiento. Tambi\u00e9n he realizado las preguntas oportunas y he sido informado de las ventajas y riesgos del procedimiento. \r\n\r\n \r\n\r\nDeslindo de toda responsabilidad al m\u00e9dico encargado del procedimiento ya que estoy consciente que todo acto m\u00e9dico, incluso conducido con competencia y respetando los conocimientos cient\u00edficos actuales conlleva un riesgo para mi mascota. \r\n\r\n \r\n\r\nAcepto las modificaciones de los m\u00e9todos que se puedan producir en el transcurso de dichos procedimientos y que se justifiquen por una mejora de la calidad de los mismos en beneficio de mi mascota. <\/div><\/div><div id=\"wpforms-89-field_15-container\" class=\"wpforms-field wpforms-field-divider\" data-field-id=\"15\"><h3 id=\"wpforms-89-field_15\" name=\"wpforms[fields][15]\">Clasificaci\u00f3n de riesgo anest\u00e9sico y riesgos asociados<\/h3><\/div><div id=\"wpforms-89-field_14-container\" class=\"wpforms-field wpforms-field-number wpforms-conditional-field wpforms-conditional-show\" data-field-id=\"14\" style=\"display:none;\"><label class=\"wpforms-field-label\" for=\"wpforms-89-field_14\">ASA<\/label><input type=\"number\" pattern=\"\\d*\" id=\"wpforms-89-field_14\" class=\"wpforms-field-medium\" name=\"wpforms[fields][14]\" ><\/div><div id=\"wpforms-89-field_12-container\" class=\"wpforms-field wpforms-field-radio wpforms-conditional-trigger\" data-field-id=\"12\"><label class=\"wpforms-field-label\" for=\"wpforms-89-field_12\">Clasificaci\u00f3n ASA y riesgos asociados <span class=\"wpforms-required-label\">*<\/span><\/label><ul id=\"wpforms-89-field_12\" class=\"wpforms-field-required\"><li class=\"choice-1 depth-1\"><input type=\"radio\" id=\"wpforms-89-field_12_1\" name=\"wpforms[fields][12]\" value=\"De acuerdo con los hallazgos cl\u00ednicos y en base a los estudios de laboratorio se le otorga la clasificaci\u00f3n de riesgo anest\u00e9sico ASA\" required ><label class=\"wpforms-field-label-inline\" for=\"wpforms-89-field_12_1\">De acuerdo con los hallazgos cl\u00ednicos y en base a los estudios de laboratorio se le otorga la clasificaci\u00f3n de riesgo anest\u00e9sico ASA<\/label><\/li><li class=\"choice-2 depth-1\"><input type=\"radio\" id=\"wpforms-89-field_12_2\" name=\"wpforms[fields][12]\" value=\"No autorizo la realizaci\u00f3n de estudios de laboratorio (biometr\u00eda hem\u00e1tica y bioqu\u00edmica sangu\u00ednea), por tanto, entiendo y acepto que no se puede asignar clasificaci\u00f3n de riesgo anest\u00e9sico y asumo la responsabilidad que esto conlleva deslindando al personal m\u00e9dico de cl\u00ednica veterinaria Oliver por cualquier complicaci\u00f3n incluyendo la muerte de mi mascota.  \" required ><label class=\"wpforms-field-label-inline\" for=\"wpforms-89-field_12_2\">No autorizo la realizaci\u00f3n de estudios de laboratorio (biometr\u00eda hem\u00e1tica y bioqu\u00edmica sangu\u00ednea), por tanto, entiendo y acepto que no se puede asignar clasificaci\u00f3n de riesgo anest\u00e9sico y asumo la responsabilidad que esto conlleva deslindando al personal m\u00e9dico de cl\u00ednica veterinaria Oliver por cualquier complicaci\u00f3n incluyendo la muerte de mi mascota.  <\/label><\/li><\/ul><\/div><div id=\"wpforms-89-field_13-container\" class=\"wpforms-field wpforms-field-radio\" data-field-id=\"13\"><label class=\"wpforms-field-label\" for=\"wpforms-89-field_13\">Intervenci\u00f3n de emergencia (ASA E)<\/label><ul id=\"wpforms-89-field_13\"><li class=\"choice-1 depth-1\"><input type=\"radio\" id=\"wpforms-89-field_13_1\" name=\"wpforms[fields][13]\" value=\"S\u00ed, es una intervenci\u00f3n de emergencia\"  ><label class=\"wpforms-field-label-inline\" for=\"wpforms-89-field_13_1\">S\u00ed, es una intervenci\u00f3n de emergencia<\/label><\/li><li class=\"choice-2 depth-1\"><input type=\"radio\" id=\"wpforms-89-field_13_2\" name=\"wpforms[fields][13]\" value=\"No, no es una intervenci\u00f3n de emergencia\"  ><label class=\"wpforms-field-label-inline\" for=\"wpforms-89-field_13_2\">No, no es una intervenci\u00f3n de emergencia<\/label><\/li><\/ul><\/div><div id=\"wpforms-89-field_16-container\" class=\"wpforms-field wpforms-field-checkbox\" data-field-id=\"16\"><label class=\"wpforms-field-label wpforms-label-hide\" for=\"wpforms-89-field_16\">Casillas de verificaci\u00f3n <span class=\"wpforms-required-label\">*<\/span><\/label><ul id=\"wpforms-89-field_16\" class=\"wpforms-field-required\"><li class=\"choice-1 depth-1\"><input type=\"checkbox\" id=\"wpforms-89-field_16_1\" name=\"wpforms[fields][16][]\" value=\"Estoy de acuerdo\" required ><label class=\"wpforms-field-label-inline\" for=\"wpforms-89-field_16_1\">Estoy de acuerdo<\/label><\/li><\/ul><div class=\"wpforms-field-description\">Por medio del presente documento, en forma libre, en pleno uso de mis facultades mentales y sin limitaciones o impedimentos de car\u00e1cter m\u00e9dico o legal, habiendo recibido informaci\u00f3n por parte del personal m\u00e9dico veterinario de Cl\u00ednica veterinaria Oliver, otorgo mi consentimiento para que se suministre al paciente la ANESTESIA que se considere adecuada para el procedimiento quir\u00fargico requerido, necesario y justificado, de acuerdo con los siguientes puntos. \r\n\r\n    La medicina veterinaria, en todas sus \u00e1reas, incluyendo la cirug\u00eda y la anestesia, se considera una ciencia no exacta, por tanto, no es posible garantizar un resultado final y debo de conocer una serie de aclaraciones sobre el acto anest\u00e9sico, los posibles riesgos y consecuencias de este, para que bajo la plena libertad pueda autorizar la anestesia durante la cirug\u00eda.  \r\n\r\n    Hago considerar que se me ha dado a conocer los aspectos m\u00e1s importantes sobre el acto anest\u00e9sico al que ser\u00e1 sometido (a) \u00e9l (la) paciente, los efectos colaterales, las posibles alternativas de manejo, as\u00ed como las complicaciones m\u00e1s frecuentes o graves que se puedan presentar durante la ejecuci\u00f3n de este. Seg\u00fan el tipo de anestesia utilizado, podr\u00edan presentarse algunos efectos adversos y complicaciones imprevisibles. \r\n\r\n    LA ANESTESIA GENERAL es una t\u00e9cnica anest\u00e9sica que produce inconsciencia durante la cirug\u00eda, y es aplicada y mantenida a trav\u00e9s de medicamentos por v\u00eda intravenosa, por v\u00eda inhalatoria, o por una combinaci\u00f3n de ambas. La v\u00eda inhalatoria se usa para la administraci\u00f3n de una mezcla de gases anest\u00e9sicos y ox\u00edgeno, que son aplicados a trav\u00e9s del paso de un dispositivo especial en la v\u00eda a\u00e9rea del paciente, (tubo endotraqueal o m\u00e1scara lar\u00edngea). La aplicaci\u00f3n de esta t\u00e9cnica puede tener algunos efectos adversos, problemas cardiacos, problemas respiratorios (obstrucci\u00f3n de la v\u00eda a\u00e9rea, tos despu\u00e9s de la cirug\u00eda, crisis asm\u00e1ticas, dificultad para respirar, ronquera), \u00falceras corneales entre otros; adicionalmente de acuerdo con las condiciones y la anatom\u00eda del paciente en particular pueden presentarse da\u00f1os en cavidad oral, v\u00edas respiratorias o dolor en el cuello. Las posibles complicaciones de la anestesia general se presentan con una frecuencia muy baja y principalmente son: reacciones al\u00e9rgicas, alteraci\u00f3n de la presi\u00f3n arterial y de la frecuencia cardiaca, paro cardiorrespiratorio y hasta la muerte. \r\n\r\n    LA ANESTESIA REGIONAL, PERIF\u00c9RICA O DE BLOQUEOS es una t\u00e9cnica que pretende dar a la anestesia localizada en el sitio de la cirug\u00eda, poniendo una inyecci\u00f3n en el plexo nervioso m\u00e1s cercano. Esto producir\u00e1 una p\u00e9rdida de la fuerza muscular y la sensibilidad en las extremidades a bloquear. Las complicaciones espec\u00edficas de esta t\u00e9cnica son: da\u00f1o nervioso, hematomas, inyecci\u00f3n de los medicamentos a la v\u00eda sangu\u00ednea, convulsiones, trauma directo por ausencia de sensibilidad, en caso de bloqueo oft\u00e1lmico adicionalmente puede existir perforaci\u00f3n ocular, hemorragia y absorci\u00f3n del medicamento al sistema nervioso central. \r\n\r\n    En pacientes veterinarios, por razones de manejo y seguridad, puede ser necesario combinar varias t\u00e9cnicas; se puede aplicar anestesia general o sedaci\u00f3n profunda para luego realizar la anestesia conductiva o regional. Autorizo la aplicaci\u00f3n de varias t\u00e9cnicas simult\u00e1neas en caso de ser considerado necesario por parte del personal m\u00e9dico de Cl\u00ednica veterinaria Oliver. \r\n\r\n    EN GENERAL TODO TIPO DE ANESTESIA PUEDE TENER RIESGOS MAYORES, LOS CUALES SON DE BAJA FRECUENCIA, PERO SE DEBEN CONOCER: reacciones anafil\u00e1cticas a medicamentos, tromboembolismo pulmonar, arritmias malignas, infarto agudo de miocardio, accidentes cerebro vasculares e incluso la muerte. \r\n\r\n    \u00c9l (la) paciente debe tener varias horas de ayuno antes de la cirug\u00eda, seg\u00fan las indicaciones que me fueron dadas previamente, no debe de comer ni beber nada ya que el alimento que esta en el est\u00f3mago puede pasar a la v\u00eda a\u00e9rea, lo que llevar\u00eda a una severa complicaci\u00f3n respiratoria y pulmonar, adem\u00e1s puede fermentarse y ocasionar dilataci\u00f3n del est\u00f3mago con posible torsi\u00f3n, lo cual constituye una urgencia quir\u00fargica que pone su vida en alto riesgo. \r\n\r\n    En caso de ser hembra es necesario informar si hay duda de que la paciente pueda estar gestante (embarazada), por el riesgo de presentaci\u00f3n de malformaciones cong\u00e9nitas en las cr\u00edas o de aborto como consecuencias de la anestesia. \r\n\r\n    Es de gran importancia informar si el (la) paciente ha tenido alguna complicaci\u00f3n previa con un procedimiento anest\u00e9sico anterior o si ha sido sometido a alguna cirug\u00eda. \r\n\r\n    Los medicamentos que \u00e9l (la) paciente est\u00e1 tomando pueden ser causa de complicaciones durante la anestesia y la cirug\u00eda, por lo cual es mi deber informar sobre todo tipo de medicamentos que est\u00e1 consumiendo al momento de la evaluaci\u00f3n pre-anest\u00e9sica como analg\u00e9sicos, medicamentos homeop\u00e1ticos, anticonvulsivos, desinflamatorios, etc.  \r\n\r\n    Durante la operaci\u00f3n o en el post-operatorio inmediato el (la) paciente puede requerir la administraci\u00f3n de sangre o de sus derivados lo cual, a pesar de estar bajo estricto cuidado y an\u00e1lisis por los cl\u00ednicos, puede traer complicaciones como reacciones al\u00e9rgicas, transmisi\u00f3n de enfermedades y sobre carga de l\u00edquidos suministrados.  \r\n    Autorizo transfusi\u00f3n sangu\u00ednea en caso de ser necesario. \r\n\r\n    Para la ejecuci\u00f3n de ciertos procedimientos relacionados con la anestesia (por ejemplo, inserci\u00f3n de cat\u00e9teres, punciones para bloqueos, entre otros) puede requerirse el rasurado de \u00e1reas de la piel distantes al sitio de la cirug\u00eda, con el prop\u00f3sito de disminuir las probabilidades de contaminaci\u00f3n e infecciones. Autorizo el rasurado de las zonas del cuerpo del (la) paciente que se consideren necesarias para la realizaci\u00f3n de procedimientos anest\u00e9sicos especiales. \r\n\r\n    El m\u00e9dico veterinario que realiz\u00f3 la consulta de pre-anestesia o quien me entreg\u00f3 este consentimiento no necesariamente ser\u00e1 qui\u00e9n le aplique la anestesia al paciente, por lo cual el plan anest\u00e9sico puede ser modificado si las condiciones cambian. Por consiguiente, queda autorizado el personal de cl\u00ednica veterinaria Oliver el d\u00eda de la cirug\u00eda para realizar ampliaciones o modificaciones que en su juicio profesional se crean oportunas.  \r\n\r\n    Una vez conocidos los posibles problemas a los que puede verse enfrentado el (la) paciente, tengo claridad sobre las diferentes t\u00e9cnicas anest\u00e9sicas o la combinaci\u00f3n de ellas, que pueden ser aplicadas al paciente el d\u00eda de la cirug\u00eda. \r\n\r\n    He escuchado las explicaciones del m\u00e9dico veterinario acerca del tipo de anestesia que puede recibir el (la) paciente, sus beneficios, riesgos y consecuencias previstas m\u00e1s comunes, as\u00ed como de sus alternativas y acepto la t\u00e9cnica que para el juicio del anestesi\u00f3logo sea la m\u00e1s indicada. <\/div><\/div><div id=\"wpforms-89-field_17-container\" class=\"wpforms-field wpforms-field-divider\" data-field-id=\"17\"><h3 id=\"wpforms-89-field_17\" name=\"wpforms[fields][17]\">Cirug\u00eda y costos<\/h3><\/div><div id=\"wpforms-89-field_18-container\" class=\"wpforms-field wpforms-field-text\" data-field-id=\"18\"><label class=\"wpforms-field-label\" for=\"wpforms-89-field_18\">Cirug\u00eda a realizarse<\/label><input type=\"text\" id=\"wpforms-89-field_18\" class=\"wpforms-field-medium\" name=\"wpforms[fields][18]\" ><\/div><div id=\"wpforms-89-field_19-container\" class=\"wpforms-field wpforms-field-text\" data-field-id=\"19\"><label class=\"wpforms-field-label\" for=\"wpforms-89-field_19\">Tratamiento administrado<\/label><input type=\"text\" id=\"wpforms-89-field_19\" class=\"wpforms-field-medium\" name=\"wpforms[fields][19]\" ><\/div><div id=\"wpforms-89-field_20-container\" class=\"wpforms-field wpforms-field-text\" data-field-id=\"20\"><label class=\"wpforms-field-label\" for=\"wpforms-89-field_20\">Tiempo de evoluci\u00f3n de la lesi\u00f3n<\/label><input type=\"text\" id=\"wpforms-89-field_20\" class=\"wpforms-field-medium\" name=\"wpforms[fields][20]\" ><\/div><div id=\"wpforms-89-field_21-container\" class=\"wpforms-field wpforms-field-payment-single\" data-field-id=\"21\"><label class=\"wpforms-field-label\" for=\"wpforms-89-field_21\">Cotizaci\u00f3n de la cirug\u00eda<\/label><input type=\"text\" id=\"wpforms-89-field_21\" class=\"wpforms-field-medium wpforms-payment-user-input wpforms-payment-price\" data-rule-currency=\"[&quot;$&quot;,false]\" name=\"wpforms[fields][21]\"><div class=\"wpforms-field-description\">declaro que como propietario soy econ\u00f3micamente responsable de todos los gastos que genere dicho procedimiento. Entiendo y acepto que la presente cotizaci\u00f3n es solo por concepto de cirug\u00eda, los gastos de consultas, procedimientos diagn\u00f3sticos, hospitalizaci\u00f3n as\u00ed como medicamentos post quir\u00fargicos se consideran como una cuenta a parte. <\/div><\/div><div id=\"wpforms-89-field_22-container\" class=\"wpforms-field wpforms-field-signature\" data-field-id=\"22\"><label class=\"wpforms-field-label\" for=\"wpforms-89-field_22\">Firma <span class=\"wpforms-required-label\">*<\/span><\/label><div class=\"wpforms-signature-wrap wpforms-field-large\"><canvas class=\"wpforms-signature-canvas\" id=\"wpforms-89-field_22-signature\" data-color=\"#000000\"><\/canvas><button class=\"wpforms-signature-clear\" title=\"Clear Signature\">Clear Signature<\/button><\/div><input type=\"text\" id=\"wpforms-89-field_22\" class=\"wpforms-signature-input wpforms-screen-reader-element wpforms-field-required\" name=\"wpforms[fields][22]\" required><\/div><\/div><div class=\"wpforms-submit-container\"><input type=\"hidden\" name=\"wpforms[id]\" value=\"89\"><input type=\"hidden\" name=\"wpforms[author]\" value=\"1\"><button type=\"submit\" name=\"wpforms[submit]\" id=\"wpforms-submit-89\" class=\"wpforms-submit\" data-alt-text=\"Enviando...\" data-submit-text=\"Enviar\" aria-live=\"assertive\" value=\"wpforms-submit\">Enviar<\/button><\/div><\/form><\/div>  <!-- .wpforms-container -->","protected":false},"excerpt":{"rendered":"","protected":false},"author":1,"featured_media":0,"parent":0,"menu_order":0,"comment_status":"closed","ping_status":"closed","template":"","meta":{"site-sidebar-layout":"default","site-content-layout":"","ast-site-content-layout":"default","site-content-style":"default","site-sidebar-style":"default","ast-global-header-display":"","ast-banner-title-visibility":"","ast-main-header-display":"","ast-hfb-above-header-display":"","ast-hfb-below-header-display":"","ast-hfb-mobile-header-display":"","site-post-title":"","ast-breadcrumbs-content":"","ast-featured-img":"","footer-sml-layout":"","ast-disable-related-posts":"","theme-transparent-header-meta":"","adv-header-id-meta":"","stick-header-meta":"","header-above-stick-meta":"","header-main-stick-meta":"","header-below-stick-meta":"","astra-migrate-meta-layouts":"default","ast-page-background-enabled":"default","ast-page-background-meta":{"desktop":{"background-color":"var(--ast-global-color-4)","background-image":"","background-repeat":"repeat","background-position":"center center","background-size":"auto","background-attachment":"scroll","background-type":"","background-media":"","overlay-type":"","overlay-color":"","overlay-opacity":"","overlay-gradient":""},"tablet":{"background-color":"","background-image":"","background-repeat":"repeat","background-position":"center center","background-size":"auto","background-attachment":"scroll","background-type":"","background-media":"","overlay-type":"","overlay-color":"","overlay-opacity":"","overlay-gradient":""},"mobile":{"background-color":"","background-image":"","background-repeat":"repeat","background-position":"center center","background-size":"auto","background-attachment":"scroll","background-type":"","background-media":"","overlay-type":"","overlay-color":"","overlay-opacity":"","overlay-gradient":""}},"ast-content-background-meta":{"desktop":{"background-color":"var(--ast-global-color-5)","background-image":"","background-repeat":"repeat","background-position":"center center","background-size":"auto","background-attachment":"scroll","background-type":"","background-media":"","overlay-type":"","overlay-color":"","overlay-opacity":"","overlay-gradient":""},"tablet":{"background-color":"var(--ast-global-color-5)","background-image":"","background-repeat":"repeat","background-position":"center center","background-size":"auto","background-attachment":"scroll","background-type":"","background-media":"","overlay-type":"","overlay-color":"","overlay-opacity":"","overlay-gradient":""},"mobile":{"background-color":"var(--ast-global-color-5)","background-image":"","background-repeat":"repeat","background-position":"center center","background-size":"auto","background-attachment":"scroll","background-type":"","background-media":"","overlay-type":"","overlay-color":"","overlay-opacity":"","overlay-gradient":""}},"footnotes":""},"class_list":["post-96","page","type-page","status-publish","hentry"],"_links":{"self":[{"href":"https:\/\/veterinariaoliver.com\/index.php?rest_route=\/wp\/v2\/pages\/96","targetHints":{"allow":["GET"]}}],"collection":[{"href":"https:\/\/veterinariaoliver.com\/index.php?rest_route=\/wp\/v2\/pages"}],"about":[{"href":"https:\/\/veterinariaoliver.com\/index.php?rest_route=\/wp\/v2\/types\/page"}],"author":[{"embeddable":true,"href":"https:\/\/veterinariaoliver.com\/index.php?rest_route=\/wp\/v2\/users\/1"}],"replies":[{"embeddable":true,"href":"https:\/\/veterinariaoliver.com\/index.php?rest_route=%2Fwp%2Fv2%2Fcomments&post=96"}],"version-history":[{"count":3,"href":"https:\/\/veterinariaoliver.com\/index.php?rest_route=\/wp\/v2\/pages\/96\/revisions"}],"predecessor-version":[{"id":165,"href":"https:\/\/veterinariaoliver.com\/index.php?rest_route=\/wp\/v2\/pages\/96\/revisions\/165"}],"wp:attachment":[{"href":"https:\/\/veterinariaoliver.com\/index.php?rest_route=%2Fwp%2Fv2%2Fmedia&parent=96"}],"curies":[{"name":"wp","href":"https:\/\/api.w.org\/{rel}","templated":true}]}}