{"id":84,"date":"2022-05-30T17:55:04","date_gmt":"2022-05-30T22:55:04","guid":{"rendered":"https:\/\/veterinariaoliver.com\/?page_id=84"},"modified":"2022-05-30T17:55:05","modified_gmt":"2022-05-30T22:55:05","slug":"negacion-de-procedimientos-medicos-y-o-diagnosticos","status":"publish","type":"page","link":"https:\/\/veterinariaoliver.com\/?page_id=84","title":{"rendered":"Negaci\u00f3n de procedimientos m\u00e9dicos y\/o diagn\u00f3sticos"},"content":{"rendered":"\n<p><\/p>\n\n\n<div class=\"wpforms-container wpforms-container-full\" id=\"wpforms-75\"><form id=\"wpforms-form-75\" class=\"wpforms-validate wpforms-form\" data-formid=\"75\" method=\"post\" enctype=\"multipart\/form-data\" action=\"\/index.php?rest_route=%2Fwp%2Fv2%2Fpages%2F84\" data-token=\"1c34e58aca6ee7ab8f4e5a0e5203b59f\"><noscript class=\"wpforms-error-noscript\">Por favor, activa JavaScript en tu navegador para completar este formulario.<\/noscript><div class=\"wpforms-field-container\"><div id=\"wpforms-75-field_15-container\" class=\"wpforms-field wpforms-field-date-time\" data-field-id=\"15\"><label class=\"wpforms-field-label\" for=\"wpforms-75-field_15\">Fecha y hora <span class=\"wpforms-required-label\">*<\/span><\/label><div class=\"wpforms-field-row wpforms-field-small\"><div class=\"wpforms-field-row-block wpforms-one-half wpforms-first\"><div class=\"wpforms-datepicker-wrap\"><input type=\"text\" id=\"wpforms-75-field_15\" class=\"wpforms-field-date-time-date wpforms-datepicker wpforms-field-required\" data-date-format=\"d\/m\/Y\" data-disable-past-dates=\"1\" data-input=\"true\" name=\"wpforms[fields][15][date]\" required><a title=\"Clear Date\" data-clear class=\"wpforms-datepicker-clear\" style=\"display:none;\"><\/a><\/div><label for=\"wpforms-75-field_15\" class=\"wpforms-field-sublabel after \">Date<\/label><\/div><div class=\"wpforms-field-row-block wpforms-one-half\"><input type=\"text\" id=\"wpforms-75-field_15-time\" class=\"wpforms-field-date-time-time wpforms-timepicker wpforms-field-required\" data-time-format=\"g:i A\" data-step=\"15\" data-rule-time12h=\"true\" name=\"wpforms[fields][15][time]\" required><label for=\"wpforms-75-field_15-time\" class=\"wpforms-field-sublabel after \">Time<\/label><\/div><\/div><\/div><div id=\"wpforms-75-field_0-container\" class=\"wpforms-field wpforms-field-name\" data-field-id=\"0\"><label class=\"wpforms-field-label\" for=\"wpforms-75-field_0\">Yo <span class=\"wpforms-required-label\">*<\/span><\/label><div class=\"wpforms-field-row wpforms-field-medium\"><div class=\"wpforms-field-row-block wpforms-first wpforms-one-half\"><input type=\"text\" id=\"wpforms-75-field_0\" class=\"wpforms-field-name-first wpforms-field-required\" name=\"wpforms[fields][0][first]\" placeholder=\"Your First Name\" required><label for=\"wpforms-75-field_0\" class=\"wpforms-field-sublabel after \">Nombre<\/label><\/div><div class=\"wpforms-field-row-block wpforms-one-half\"><input type=\"text\" id=\"wpforms-75-field_0-last\" class=\"wpforms-field-name-last wpforms-field-required\" name=\"wpforms[fields][0][last]\" placeholder=\"Second Name\" required><label for=\"wpforms-75-field_0-last\" class=\"wpforms-field-sublabel after \">Apellidos<\/label><\/div><\/div><div class=\"wpforms-field-description\">identificado como responsable de la mascota de las siguientes caracter\u00edsticas:<\/div><\/div><div id=\"wpforms-75-field_10-container\" class=\"wpforms-field wpforms-field-text\" data-field-id=\"10\"><label class=\"wpforms-field-label\" for=\"wpforms-75-field_10\">Nombre<\/label><input type=\"text\" id=\"wpforms-75-field_10\" class=\"wpforms-field-medium\" name=\"wpforms[fields][10]\" ><\/div><div id=\"wpforms-75-field_11-container\" class=\"wpforms-field wpforms-field-text\" data-field-id=\"11\"><label class=\"wpforms-field-label\" for=\"wpforms-75-field_11\">Edad<\/label><input type=\"text\" id=\"wpforms-75-field_11\" class=\"wpforms-field-medium\" name=\"wpforms[fields][11]\" ><\/div><div id=\"wpforms-75-field_12-container\" class=\"wpforms-field wpforms-field-text\" data-field-id=\"12\"><label class=\"wpforms-field-label\" for=\"wpforms-75-field_12\">Especie<\/label><input type=\"text\" id=\"wpforms-75-field_12\" class=\"wpforms-field-medium\" name=\"wpforms[fields][12]\" ><\/div><div id=\"wpforms-75-field_13-container\" class=\"wpforms-field wpforms-field-text\" data-field-id=\"13\"><label class=\"wpforms-field-label\" for=\"wpforms-75-field_13\">Raza<\/label><input type=\"text\" id=\"wpforms-75-field_13\" class=\"wpforms-field-medium\" name=\"wpforms[fields][13]\" ><\/div><div id=\"wpforms-75-field_3-container\" class=\"wpforms-field wpforms-field-checkbox\" data-field-id=\"3\"><label class=\"wpforms-field-label wpforms-label-hide\" for=\"wpforms-75-field_3\">Terms of Service <span class=\"wpforms-required-label\">*<\/span><\/label><ul id=\"wpforms-75-field_3\" class=\"wpforms-field-required\"><li class=\"choice-1 depth-1 wpforms-selected\"><input type=\"checkbox\" id=\"wpforms-75-field_3_1\" name=\"wpforms[fields][3][]\" value=\"Hago constar que NO AUTORIZO que a mi mascota se le realicen el (los) procedimiento (s) m\u00e9dicos de:\" required  checked='checked'><label class=\"wpforms-field-label-inline\" for=\"wpforms-75-field_3_1\">Hago constar que NO AUTORIZO que a mi mascota se le realicen el (los) procedimiento (s) m\u00e9dicos de: <span class=\"wpforms-required-label\">*<\/span><\/label><\/li><\/ul><\/div><div id=\"wpforms-75-field_14-container\" class=\"wpforms-field wpforms-field-textarea\" data-field-id=\"14\"><label class=\"wpforms-field-label wpforms-label-hide\" for=\"wpforms-75-field_14\">Texto del p\u00e1rrafo<\/label><textarea id=\"wpforms-75-field_14\" class=\"wpforms-field-medium\" name=\"wpforms[fields][14]\" ><\/textarea><div class=\"wpforms-field-description\">que el personal m\u00e9dico de cl\u00ednica veterinaria Oliver propone o requiere para su correcta atenci\u00f3n y diagn\u00f3stico, y asumo la responsabilidad que \u00e9ste decisi\u00f3n conlleva.\r\n\r\nPor lo tanto, a partir de la fecha y hora anotadas en este documento, debido a mi decisi\u00f3n, el tratamiento que reciba mi mascota deja de ser de la responsabilidad del m\u00e9dico veterinario que lo atiende en esta cl\u00ednica. <\/div><\/div><div id=\"wpforms-75-field_9-container\" class=\"wpforms-field wpforms-field-signature\" data-field-id=\"9\"><label class=\"wpforms-field-label\" for=\"wpforms-75-field_9\">Signature <span class=\"wpforms-required-label\">*<\/span><\/label><div class=\"wpforms-signature-wrap wpforms-field-large\"><canvas class=\"wpforms-signature-canvas\" id=\"wpforms-75-field_9-signature\" data-color=\"#000000\"><\/canvas><button class=\"wpforms-signature-clear\" title=\"Clear Signature\">Clear Signature<\/button><\/div><input type=\"text\" id=\"wpforms-75-field_9\" class=\"wpforms-signature-input wpforms-screen-reader-element wpforms-field-required\" name=\"wpforms[fields][9]\" required><\/div><\/div><div class=\"wpforms-submit-container\"><input type=\"hidden\" name=\"wpforms[id]\" value=\"75\"><input type=\"hidden\" name=\"wpforms[author]\" value=\"1\"><button type=\"submit\" name=\"wpforms[submit]\" id=\"wpforms-submit-75\" class=\"wpforms-submit\" data-alt-text=\"Alamcenando la informaci\u00f3n\" data-submit-text=\"Enviar\" aria-live=\"assertive\" value=\"wpforms-submit\">Enviar<\/button><\/div><\/form><\/div>  <!-- .wpforms-container -->","protected":false},"excerpt":{"rendered":"","protected":false},"author":1,"featured_media":0,"parent":0,"menu_order":0,"comment_status":"closed","ping_status":"closed","template":"","meta":{"site-sidebar-layout":"default","site-content-layout":"","ast-site-content-layout":"default","site-content-style":"default","site-sidebar-style":"default","ast-global-header-display":"","ast-banner-title-visibility":"","ast-main-header-display":"","ast-hfb-above-header-display":"","ast-hfb-below-header-display":"","ast-hfb-mobile-header-display":"","site-post-title":"","ast-breadcrumbs-content":"","ast-featured-img":"","footer-sml-layout":"","ast-disable-related-posts":"","theme-transparent-header-meta":"","adv-header-id-meta":"","stick-header-meta":"","header-above-stick-meta":"","header-main-stick-meta":"","header-below-stick-meta":"","astra-migrate-meta-layouts":"default","ast-page-background-enabled":"default","ast-page-background-meta":{"desktop":{"background-color":"var(--ast-global-color-4)","background-image":"","background-repeat":"repeat","background-position":"center center","background-size":"auto","background-attachment":"scroll","background-type":"","background-media":"","overlay-type":"","overlay-color":"","overlay-opacity":"","overlay-gradient":""},"tablet":{"background-color":"","background-image":"","background-repeat":"repeat","background-position":"center center","background-size":"auto","background-attachment":"scroll","background-type":"","background-media":"","overlay-type":"","overlay-color":"","overlay-opacity":"","overlay-gradient":""},"mobile":{"background-color":"","background-image":"","background-repeat":"repeat","background-position":"center center","background-size":"auto","background-attachment":"scroll","background-type":"","background-media":"","overlay-type":"","overlay-color":"","overlay-opacity":"","overlay-gradient":""}},"ast-content-background-meta":{"desktop":{"background-color":"var(--ast-global-color-5)","background-image":"","background-repeat":"repeat","background-position":"center center","background-size":"auto","background-attachment":"scroll","background-type":"","background-media":"","overlay-type":"","overlay-color":"","overlay-opacity":"","overlay-gradient":""},"tablet":{"background-color":"var(--ast-global-color-5)","background-image":"","background-repeat":"repeat","background-position":"center center","background-size":"auto","background-attachment":"scroll","background-type":"","background-media":"","overlay-type":"","overlay-color":"","overlay-opacity":"","overlay-gradient":""},"mobile":{"background-color":"var(--ast-global-color-5)","background-image":"","background-repeat":"repeat","background-position":"center center","background-size":"auto","background-attachment":"scroll","background-type":"","background-media":"","overlay-type":"","overlay-color":"","overlay-opacity":"","overlay-gradient":""}},"footnotes":""},"class_list":["post-84","page","type-page","status-publish","hentry"],"_links":{"self":[{"href":"https:\/\/veterinariaoliver.com\/index.php?rest_route=\/wp\/v2\/pages\/84","targetHints":{"allow":["GET"]}}],"collection":[{"href":"https:\/\/veterinariaoliver.com\/index.php?rest_route=\/wp\/v2\/pages"}],"about":[{"href":"https:\/\/veterinariaoliver.com\/index.php?rest_route=\/wp\/v2\/types\/page"}],"author":[{"embeddable":true,"href":"https:\/\/veterinariaoliver.com\/index.php?rest_route=\/wp\/v2\/users\/1"}],"replies":[{"embeddable":true,"href":"https:\/\/veterinariaoliver.com\/index.php?rest_route=%2Fwp%2Fv2%2Fcomments&post=84"}],"version-history":[{"count":1,"href":"https:\/\/veterinariaoliver.com\/index.php?rest_route=\/wp\/v2\/pages\/84\/revisions"}],"predecessor-version":[{"id":85,"href":"https:\/\/veterinariaoliver.com\/index.php?rest_route=\/wp\/v2\/pages\/84\/revisions\/85"}],"wp:attachment":[{"href":"https:\/\/veterinariaoliver.com\/index.php?rest_route=%2Fwp%2Fv2%2Fmedia&parent=84"}],"curies":[{"name":"wp","href":"https:\/\/api.w.org\/{rel}","templated":true}]}}